{"id":262,"date":"2018-03-11T18:22:10","date_gmt":"2018-03-11T18:22:10","guid":{"rendered":"https:\/\/www.belleaudition.com\/info-hearing\/"},"modified":"2021-03-10T19:19:50","modified_gmt":"2021-03-10T19:19:50","slug":"info-hearing","status":"publish","type":"page","link":"https:\/\/www.belleaudition.com\/en\/info-hearing\/","title":{"rendered":"Info-Hearing"},"content":{"rendered":"<p>[et_pb_section fb_built=&#8221;1&#8243; fullwidth=&#8221;on&#8221; _builder_version=&#8221;3.22&#8243;][et_pb_fullwidth_slider _builder_version=&#8221;3.29.3&#8243; body_font=&#8221;||||||||&#8221; background_color=&#8221;#8c8c8c&#8221; button_text_size__hover_enabled=&#8221;off&#8221; button_one_text_size__hover_enabled=&#8221;off&#8221; button_two_text_size__hover_enabled=&#8221;off&#8221; button_text_color__hover_enabled=&#8221;off&#8221; button_one_text_color__hover_enabled=&#8221;off&#8221; button_two_text_color__hover_enabled=&#8221;off&#8221; button_border_width__hover_enabled=&#8221;off&#8221; button_one_border_width__hover_enabled=&#8221;off&#8221; button_two_border_width__hover_enabled=&#8221;off&#8221; button_border_color__hover_enabled=&#8221;off&#8221; button_one_border_color__hover_enabled=&#8221;off&#8221; button_two_border_color__hover_enabled=&#8221;off&#8221; button_border_radius__hover_enabled=&#8221;off&#8221; button_one_border_radius__hover_enabled=&#8221;off&#8221; button_two_border_radius__hover_enabled=&#8221;off&#8221; button_letter_spacing__hover_enabled=&#8221;off&#8221; button_one_letter_spacing__hover_enabled=&#8221;off&#8221; button_two_letter_spacing__hover_enabled=&#8221;off&#8221; button_bg_color__hover_enabled=&#8221;off&#8221; button_one_bg_color__hover_enabled=&#8221;off&#8221; button_two_bg_color__hover_enabled=&#8221;off&#8221;][et_pb_slide heading=&#8221;Information &#8211; Hearing loss&#8221; use_bg_overlay=&#8221;off&#8221; use_text_overlay=&#8221;off&#8221; _builder_version=&#8221;3.29.3&#8243; header_level=&#8221;h1&#8243; header_font=&#8221;|700|||||||&#8221; header_text_align=&#8221;center&#8221; header_font_size=&#8221;56px&#8221; body_font=&#8221;||||||||&#8221; body_font_size=&#8221;27px&#8221; background_image=&#8221;https:\/\/www.belleaudition.com\/wp-content\/uploads\/2018\/05\/slider.jpg&#8221; button_on_hover=&#8221;on&#8221; text_orientation=&#8221;center&#8221; custom_padding=&#8221;400px||150px|&#8221; custom_padding_tablet=&#8221;150px||150px|&#8221; custom_padding_phone=&#8221;50px||50px|&#8221; custom_padding_last_edited=&#8221;on|desktop&#8221; header_font_size_tablet=&#8221;48px&#8221; header_font_size_phone=&#8221;34px&#8221; header_font_size_last_edited=&#8221;on|desktop&#8221; button_text_size__hover_enabled=&#8221;off&#8221; button_one_text_size__hover_enabled=&#8221;off&#8221; button_two_text_size__hover_enabled=&#8221;off&#8221; button_text_color__hover_enabled=&#8221;off&#8221; button_one_text_color__hover_enabled=&#8221;off&#8221; button_two_text_color__hover_enabled=&#8221;off&#8221; button_border_width__hover_enabled=&#8221;off&#8221; button_one_border_width__hover_enabled=&#8221;off&#8221; button_two_border_width__hover_enabled=&#8221;off&#8221; button_border_color__hover_enabled=&#8221;off&#8221; button_one_border_color__hover_enabled=&#8221;off&#8221; button_two_border_color__hover_enabled=&#8221;off&#8221; button_border_radius__hover_enabled=&#8221;off&#8221; button_one_border_radius__hover_enabled=&#8221;off&#8221; button_two_border_radius__hover_enabled=&#8221;off&#8221; button_letter_spacing__hover_enabled=&#8221;off&#8221; button_one_letter_spacing__hover_enabled=&#8221;off&#8221; button_two_letter_spacing__hover_enabled=&#8221;off&#8221; button_bg_color__hover_enabled=&#8221;off&#8221; button_one_bg_color__hover_enabled=&#8221;off&#8221; button_two_bg_color__hover_enabled=&#8221;off&#8221;]audition<br \/>\n[\/et_pb_slide][\/et_pb_fullwidth_slider][\/et_pb_section][et_pb_section fb_built=&#8221;1&#8243; _builder_version=&#8221;3.22&#8243;][et_pb_row _builder_version=&#8221;3.25&#8243; background_size=&#8221;initial&#8221; background_position=&#8221;top_left&#8221; background_repeat=&#8221;repeat&#8221;][et_pb_column type=&#8221;4_4&#8243; _builder_version=&#8221;3.25&#8243; custom_padding=&#8221;|||&#8221; custom_padding__hover=&#8221;|||&#8221;][et_pb_blog include_categories=&#8221;13&#8243; show_author=&#8221;off&#8221; show_date=&#8221;off&#8221; show_categories=&#8221;off&#8221; show_pagination=&#8221;off&#8221; use_overlay=&#8221;on&#8221; _builder_version=&#8221;3.1&#8243;][\/et_pb_blog][\/et_pb_column][\/et_pb_row][\/et_pb_section][et_pb_section fb_built=&#8221;1&#8243; _builder_version=&#8221;3.22&#8243; background_color=&#8221;#000000&#8243; background_image=&#8221;https:\/\/www.belleaudition.com\/wp-content\/uploads\/2018\/04\/fond.png&#8221; background_size=&#8221;initial&#8221; background_repeat=&#8221;repeat&#8221; custom_padding=&#8221;0|0px|0|0px&#8221;][et_pb_row column_structure=&#8221;2_3,1_3&#8243; use_custom_gutter=&#8221;on&#8221; gutter_width=&#8221;1&#8243; make_equal=&#8221;on&#8221; module_class=&#8221; et_pb_row_fullwidth&#8221; _builder_version=&#8221;3.25&#8243; width=&#8221;100%&#8221; width_tablet=&#8221;100%&#8221; width_phone=&#8221;&#8221; width_last_edited=&#8221;on|desktop&#8221; max_width=&#8221;100%&#8221; max_width_tablet=&#8221;100%&#8221; max_width_phone=&#8221;&#8221; max_width_last_edited=&#8221;on|desktop&#8221; custom_padding=&#8221;0|0px|0|0px&#8221; make_fullwidth=&#8221;on&#8221;][et_pb_column type=&#8221;2_3&#8243; _builder_version=&#8221;3.25&#8243; background_image=&#8221;https:\/\/www.belleaudition.com\/wp-content\/uploads\/2018\/09\/maryline.jpg&#8221; custom_padding=&#8221;|||&#8221; custom_padding__hover=&#8221;|||&#8221;][et_pb_text _builder_version=&#8221;3.27.4&#8243; background_color=&#8221;rgba(255,255,255,0.85)&#8221; custom_margin=&#8221;100px|-50px|100px|50%&#8221; custom_margin_tablet=&#8221;&#8221; custom_margin_phone=&#8221;50px|25px|50px|25px&#8221; custom_margin_last_edited=&#8221;on|phone&#8221; custom_padding=&#8221;50px|50px|50px|50px&#8221; custom_padding_tablet=&#8221;&#8221; custom_padding_phone=&#8221;&#8221; custom_padding_last_edited=&#8221;on|desktop&#8221; animation_style=&#8221;fade&#8221; inline_fonts=&#8221;Zilla Slab&#8221;]\u00ab We know that anyone can be affected by <span style=\"font-size: large; color: #92cb3d;\"><strong><em>hearing loss<\/em><\/strong><\/span>. We are<span style=\"font-size: large;\"><em> <span style=\"color: #92cb3d;\"><strong>trained to <\/strong><\/span><\/em><\/span>support all clienteles, <span style=\"font-size: large; color: #92cb3d;\"><em><strong>children<\/strong><\/em><\/span> and <span style=\"font-size: large; color: #92cb3d;\"><em><strong>adults<\/strong><\/em><\/span>, and all types of hearing loss.\u00bb<\/p>\n<p>&#8211; Marilyn G\u00e9n\u00e9reux, audioprosthetist<br \/>\n[\/et_pb_text][\/et_pb_column][et_pb_column type=&#8221;1_3&#8243; _builder_version=&#8221;3.25&#8243; custom_padding=&#8221;100px|50px|100px|100px&#8221; custom_padding_tablet=&#8221;&#8221; custom_padding_phone=&#8221;25px|25px|25px|25px&#8221; custom_padding_last_edited=&#8221;on|phone&#8221; custom_padding__hover=&#8221;|||&#8221;][et_pb_text _builder_version=&#8221;3.14&#8243; text_text_color=&#8221;#ffffff&#8221; header_2_text_color=&#8221;#92cb3d&#8221; animation_style=&#8221;fade&#8221; global_module=&#8221;1149&#8243;]<\/p>\n<h2>M\u00e9diCentre Chomedey<\/h2>\n<p>610, boul. Cur\u00e9-Labelle, bureau 17<br \/>Laval (Qu\u00e9bec) H7V 2T7<\/p>\n<p><strong>450 688-3690<\/strong><\/p>\n<h2>Tour Jacques-Cartier<\/h2>\n<p>1851, Sherbrooke Est, suite 702<br \/>Montr\u00e9al (Qu\u00e9bec) H2L 4L5<\/p>\n<p><strong>514 522-9898<\/strong><\/p>\n<p>[\/et_pb_text][et_pb_button button_url=&#8221;mailto:info@belleaudition.com&#8221; button_text=&#8221;info@belleaudition.com&#8221; admin_label=&#8221;BTN &#8211; SERVICES&#8221; _builder_version=&#8221;3.16&#8243; custom_button=&#8221;on&#8221; button_text_color=&#8221;#ffffff&#8221; button_font=&#8221;||||||||&#8221; custom_margin=&#8221;25px|||&#8221; custom_padding=&#8221;|25px||25px&#8221; animation_style=&#8221;fade&#8221; button_bg_color_hover=&#8221;#9c9790&#8243; button_text_size__hover_enabled=&#8221;off&#8221; button_one_text_size__hover_enabled=&#8221;off&#8221; button_two_text_size__hover_enabled=&#8221;off&#8221; button_text_color__hover_enabled=&#8221;off&#8221; button_one_text_color__hover_enabled=&#8221;off&#8221; button_two_text_color__hover_enabled=&#8221;off&#8221; button_border_width__hover_enabled=&#8221;off&#8221; button_one_border_width__hover_enabled=&#8221;off&#8221; button_two_border_width__hover_enabled=&#8221;off&#8221; button_border_color__hover_enabled=&#8221;off&#8221; button_one_border_color__hover_enabled=&#8221;off&#8221; button_two_border_color__hover_enabled=&#8221;off&#8221; button_border_radius__hover_enabled=&#8221;off&#8221; button_one_border_radius__hover_enabled=&#8221;off&#8221; button_two_border_radius__hover_enabled=&#8221;off&#8221; button_letter_spacing__hover_enabled=&#8221;off&#8221; button_one_letter_spacing__hover_enabled=&#8221;off&#8221; button_two_letter_spacing__hover_enabled=&#8221;off&#8221; button_bg_color__hover_enabled=&#8221;on&#8221; button_bg_color__hover=&#8221;#9c9790&#8243; button_one_bg_color__hover_enabled=&#8221;off&#8221; button_two_bg_color__hover_enabled=&#8221;off&#8221;][\/et_pb_button][\/et_pb_column][\/et_pb_row][\/et_pb_section]<\/p>\n","protected":false},"excerpt":{"rendered":"<p>audition \u00ab We know that anyone can be affected by hearing loss. We are trained to support all clienteles, children and adults, and all types of hearing loss.\u00bb &#8211; Marilyn G\u00e9n\u00e9reux, audioprosthetist M\u00e9diCentre Chomedey 610, boul. Cur\u00e9-Labelle, bureau 17Laval (Qu\u00e9bec) H7V 2T7 450 688-3690 Tour Jacques-Cartier 1851, Sherbrooke Est, suite 702Montr\u00e9al (Qu\u00e9bec) H2L 4L5 514 [&hellip;]<\/p>\n","protected":false},"author":1,"featured_media":0,"parent":0,"menu_order":6,"comment_status":"closed","ping_status":"closed","template":"","meta":{"_et_pb_use_builder":"on","_et_pb_old_content":"","_et_gb_content_width":"","footnotes":""},"class_list":["post-262","page","type-page","status-publish","hentry"],"yoast_head":"<!-- This site is optimized with the Yoast SEO plugin v27.5 - https:\/\/yoast.com\/product\/yoast-seo-wordpress\/ -->\n<title>About Hearing Loss &amp; Disorders | Hearing Loss Clinic Montreal &amp; Laval<\/title>\n<meta name=\"description\" content=\"Learn about the types of hearing loss and disorders, including tinnitus &amp; occupational hearing loss. Contact our team today!\" \/>\n<meta name=\"robots\" content=\"index, follow, max-snippet:-1, max-image-preview:large, max-video-preview:-1\" \/>\n<link rel=\"canonical\" href=\"https:\/\/www.belleaudition.com\/info-audition\/\" \/>\n<meta property=\"og:locale\" content=\"en_US\" \/>\n<meta property=\"og:type\" content=\"article\" \/>\n<meta property=\"og:title\" content=\"About Hearing Loss &amp; Disorders | Hearing Loss Clinic Montreal &amp; Laval\" \/>\n<meta property=\"og:description\" content=\"Learn about the types of hearing loss and disorders, including tinnitus &amp; occupational hearing loss. Contact our team today!\" \/>\n<meta property=\"og:url\" content=\"https:\/\/www.belleaudition.com\/info-audition\/\" \/>\n<meta property=\"og:site_name\" content=\"Gaudreault Rh\u00e9aume | Audioproth\u00e9sistes \u00e0 LAVAL et MONTR\u00c9AL\" \/>\n<meta property=\"article:modified_time\" content=\"2021-03-10T19:19:50+00:00\" \/>\n<meta name=\"twitter:card\" content=\"summary_large_image\" \/>\n<meta name=\"twitter:label1\" content=\"Est. reading time\" \/>\n\t<meta name=\"twitter:data1\" content=\"5 minutes\" \/>\n<script type=\"application\/ld+json\" class=\"yoast-schema-graph\">{\"@context\":\"https:\\\/\\\/schema.org\",\"@graph\":[{\"@type\":\"WebPage\",\"@id\":\"https:\\\/\\\/www.belleaudition.com\\\/info-audition\\\/\",\"url\":\"https:\\\/\\\/www.belleaudition.com\\\/info-audition\\\/\",\"name\":\"About Hearing Loss & Disorders | Hearing Loss Clinic Montreal & Laval\",\"isPartOf\":{\"@id\":\"https:\\\/\\\/www.belleaudition.com\\\/#website\"},\"datePublished\":\"2018-03-11T18:22:10+00:00\",\"dateModified\":\"2021-03-10T19:19:50+00:00\",\"description\":\"Learn about the types of hearing loss and disorders, including tinnitus & occupational hearing loss. Contact our team today!\",\"breadcrumb\":{\"@id\":\"https:\\\/\\\/www.belleaudition.com\\\/info-audition\\\/#breadcrumb\"},\"inLanguage\":\"en-US\",\"potentialAction\":[{\"@type\":\"ReadAction\",\"target\":[\"https:\\\/\\\/www.belleaudition.com\\\/info-audition\\\/\"]}]},{\"@type\":\"BreadcrumbList\",\"@id\":\"https:\\\/\\\/www.belleaudition.com\\\/info-audition\\\/#breadcrumb\",\"itemListElement\":[{\"@type\":\"ListItem\",\"position\":1,\"name\":\"Home\",\"item\":\"https:\\\/\\\/www.belleaudition.com\\\/en\\\/\"},{\"@type\":\"ListItem\",\"position\":2,\"name\":\"Info-Hearing\"}]},{\"@type\":\"WebSite\",\"@id\":\"https:\\\/\\\/www.belleaudition.com\\\/#website\",\"url\":\"https:\\\/\\\/www.belleaudition.com\\\/\",\"name\":\"Gaudreault Rh\u00e9aume | Audioproth\u00e9sistes \u00e0 LAVAL et MONTR\u00c9AL\",\"description\":\"Audioproth\u00e9sistes \u00e0 LAVAL et MONTR\u00c9AL\",\"potentialAction\":[{\"@type\":\"SearchAction\",\"target\":{\"@type\":\"EntryPoint\",\"urlTemplate\":\"https:\\\/\\\/www.belleaudition.com\\\/?s={search_term_string}\"},\"query-input\":{\"@type\":\"PropertyValueSpecification\",\"valueRequired\":true,\"valueName\":\"search_term_string\"}}],\"inLanguage\":\"en-US\"}]}<\/script>\n<!-- \/ Yoast SEO plugin. -->","yoast_head_json":{"title":"About Hearing Loss & Disorders | Hearing Loss Clinic Montreal & Laval","description":"Learn about the types of hearing loss and disorders, including tinnitus & occupational hearing loss. Contact our team today!","robots":{"index":"index","follow":"follow","max-snippet":"max-snippet:-1","max-image-preview":"max-image-preview:large","max-video-preview":"max-video-preview:-1"},"canonical":"https:\/\/www.belleaudition.com\/info-audition\/","og_locale":"en_US","og_type":"article","og_title":"About Hearing Loss & Disorders | Hearing Loss Clinic Montreal & Laval","og_description":"Learn about the types of hearing loss and disorders, including tinnitus & occupational hearing loss. Contact our team today!","og_url":"https:\/\/www.belleaudition.com\/info-audition\/","og_site_name":"Gaudreault Rh\u00e9aume | Audioproth\u00e9sistes \u00e0 LAVAL et MONTR\u00c9AL","article_modified_time":"2021-03-10T19:19:50+00:00","twitter_card":"summary_large_image","twitter_misc":{"Est. reading time":"5 minutes"},"schema":{"@context":"https:\/\/schema.org","@graph":[{"@type":"WebPage","@id":"https:\/\/www.belleaudition.com\/info-audition\/","url":"https:\/\/www.belleaudition.com\/info-audition\/","name":"About Hearing Loss & Disorders | Hearing Loss Clinic Montreal & Laval","isPartOf":{"@id":"https:\/\/www.belleaudition.com\/#website"},"datePublished":"2018-03-11T18:22:10+00:00","dateModified":"2021-03-10T19:19:50+00:00","description":"Learn about the types of hearing loss and disorders, including tinnitus & occupational hearing loss. Contact our team today!","breadcrumb":{"@id":"https:\/\/www.belleaudition.com\/info-audition\/#breadcrumb"},"inLanguage":"en-US","potentialAction":[{"@type":"ReadAction","target":["https:\/\/www.belleaudition.com\/info-audition\/"]}]},{"@type":"BreadcrumbList","@id":"https:\/\/www.belleaudition.com\/info-audition\/#breadcrumb","itemListElement":[{"@type":"ListItem","position":1,"name":"Home","item":"https:\/\/www.belleaudition.com\/en\/"},{"@type":"ListItem","position":2,"name":"Info-Hearing"}]},{"@type":"WebSite","@id":"https:\/\/www.belleaudition.com\/#website","url":"https:\/\/www.belleaudition.com\/","name":"Gaudreault Rh\u00e9aume | Audioproth\u00e9sistes \u00e0 LAVAL et MONTR\u00c9AL","description":"Audioproth\u00e9sistes \u00e0 LAVAL et MONTR\u00c9AL","potentialAction":[{"@type":"SearchAction","target":{"@type":"EntryPoint","urlTemplate":"https:\/\/www.belleaudition.com\/?s={search_term_string}"},"query-input":{"@type":"PropertyValueSpecification","valueRequired":true,"valueName":"search_term_string"}}],"inLanguage":"en-US"}]}},"_links":{"self":[{"href":"https:\/\/www.belleaudition.com\/en\/wp-json\/wp\/v2\/pages\/262","targetHints":{"allow":["GET"]}}],"collection":[{"href":"https:\/\/www.belleaudition.com\/en\/wp-json\/wp\/v2\/pages"}],"about":[{"href":"https:\/\/www.belleaudition.com\/en\/wp-json\/wp\/v2\/types\/page"}],"author":[{"embeddable":true,"href":"https:\/\/www.belleaudition.com\/en\/wp-json\/wp\/v2\/users\/1"}],"replies":[{"embeddable":true,"href":"https:\/\/www.belleaudition.com\/en\/wp-json\/wp\/v2\/comments?post=262"}],"version-history":[{"count":3,"href":"https:\/\/www.belleaudition.com\/en\/wp-json\/wp\/v2\/pages\/262\/revisions"}],"predecessor-version":[{"id":2422,"href":"https:\/\/www.belleaudition.com\/en\/wp-json\/wp\/v2\/pages\/262\/revisions\/2422"}],"wp:attachment":[{"href":"https:\/\/www.belleaudition.com\/en\/wp-json\/wp\/v2\/media?parent=262"}],"curies":[{"name":"wp","href":"https:\/\/api.w.org\/{rel}","templated":true}]}}